{"id":312,"date":"2025-10-10T22:15:30","date_gmt":"2025-10-10T22:15:30","guid":{"rendered":"https:\/\/vector.com.sv\/?page_id=312"},"modified":"2025-10-27T15:33:32","modified_gmt":"2025-10-27T15:33:32","slug":"acerca-de-vector","status":"publish","type":"page","link":"https:\/\/vector.com.sv\/en\/acerca-de-vector\/","title":{"rendered":"About Vector"},"content":{"rendered":"<div data-elementor-type=\"wp-page\" data-elementor-id=\"312\" class=\"elementor elementor-312\" data-elementor-post-type=\"page\">\n\t\t\t\t\t\t<section class=\"elementor-section elementor-top-section elementor-element elementor-element-64d1fd7d elementor-section-boxed elementor-section-height-default elementor-section-height-default\" data-id=\"64d1fd7d\" data-element_type=\"section\" data-e-type=\"section\" data-settings=\"{&quot;background_background&quot;:&quot;classic&quot;}\">\n\t\t\t\t\t\t\t<div class=\"elementor-background-overlay\"><\/div>\n\t\t\t\t\t\t\t<div class=\"elementor-container elementor-column-gap-default\">\n\t\t\t\t\t<div class=\"elementor-column elementor-col-100 elementor-top-column elementor-element elementor-element-1559d23e\" data-id=\"1559d23e\" data-element_type=\"column\" data-e-type=\"column\">\n\t\t\t<div class=\"elementor-widget-wrap elementor-element-populated\">\n\t\t\t\t\t\t<div class=\"elementor-element elementor-element-5e6a6008 elementor-widget elementor-widget-heading\" data-id=\"5e6a6008\" data-element_type=\"widget\" data-e-type=\"widget\" data-widget_type=\"heading.default\">\n\t\t\t\t\t<h2 class=\"elementor-heading-title elementor-size-default\">About Vector\n<\/h2>\t\t\t\t<\/div>\n\t\t\t\t<div class=\"elementor-element elementor-element-2aca8b83 elementor-widget__width-auto elementor-widget elementor-widget-text-editor\" data-id=\"2aca8b83\" data-element_type=\"widget\" data-e-type=\"widget\" data-widget_type=\"text-editor.default\">\n\t\t\t\t\t\t\t\t\t<p>Home \/<\/p>\t\t\t\t\t\t\t\t<\/div>\n\t\t\t\t<div class=\"elementor-element elementor-element-42345289 elementor-widget__width-auto elementor-widget elementor-widget-text-editor\" data-id=\"42345289\" data-element_type=\"widget\" data-e-type=\"widget\" data-widget_type=\"text-editor.default\">\n\t\t\t\t\t\t\t\t\t<p>About Vector<\/p>\t\t\t\t\t\t\t\t<\/div>\n\t\t\t\t\t<\/div>\n\t\t<\/div>\n\t\t\t\t\t<\/div>\n\t\t<\/section>\n\t\t\t\t<section class=\"elementor-section elementor-top-section elementor-element elementor-element-170efc2a elementor-reverse-tablet elementor-reverse-mobile elementor-section-boxed elementor-section-height-default elementor-section-height-default\" data-id=\"170efc2a\" data-element_type=\"section\" data-e-type=\"section\">\n\t\t\t\t\t\t<div class=\"elementor-container elementor-column-gap-no\">\n\t\t\t\t\t<div class=\"elementor-column elementor-col-50 elementor-top-column elementor-element elementor-element-4edbae07\" data-id=\"4edbae07\" data-element_type=\"column\" data-e-type=\"column\">\n\t\t\t<div class=\"elementor-widget-wrap elementor-element-populated\">\n\t\t\t\t\t\t<div class=\"elementor-element elementor-element-2c839873 elementor-widget elementor-widget-image\" data-id=\"2c839873\" data-element_type=\"widget\" data-e-type=\"widget\" data-widget_type=\"image.default\">\n\t\t\t\t\t\t\t\t\t\t\t\t\t\t\t<img fetchpriority=\"high\" decoding=\"async\" width=\"1280\" height=\"1920\" src=\"https:\/\/vector.com.sv\/wp-content\/uploads\/2025\/10\/disinfection-worker-back-view.jpg\" class=\"attachment-full size-full wp-image-24\" alt=\"Control de plagas en El Salvador\" srcset=\"https:\/\/vector.com.sv\/wp-content\/uploads\/2025\/10\/disinfection-worker-back-view.jpg 1280w, https:\/\/vector.com.sv\/wp-content\/uploads\/2025\/10\/disinfection-worker-back-view-600x900.jpg 600w, https:\/\/vector.com.sv\/wp-content\/uploads\/2025\/10\/disinfection-worker-back-view-200x300.jpg 200w, https:\/\/vector.com.sv\/wp-content\/uploads\/2025\/10\/disinfection-worker-back-view-682x1024.jpg 682w, https:\/\/vector.com.sv\/wp-content\/uploads\/2025\/10\/disinfection-worker-back-view-768x1152.jpg 768w, https:\/\/vector.com.sv\/wp-content\/uploads\/2025\/10\/disinfection-worker-back-view-1024x1536.jpg 1024w\" sizes=\"(max-width: 1280px) 100vw, 1280px\" \/>\t\t\t\t\t\t\t\t\t\t\t\t\t\t\t<\/div>\n\t\t\t\t\t<\/div>\n\t\t<\/div>\n\t\t\t\t<div class=\"elementor-column elementor-col-50 elementor-top-column elementor-element elementor-element-4a969aa2\" data-id=\"4a969aa2\" data-element_type=\"column\" data-e-type=\"column\">\n\t\t\t<div class=\"elementor-widget-wrap elementor-element-populated\">\n\t\t\t\t\t\t<div class=\"elementor-element elementor-element-b5d382e elementor-widget elementor-widget-heading\" data-id=\"b5d382e\" data-element_type=\"widget\" data-e-type=\"widget\" data-widget_type=\"heading.default\">\n\t\t\t\t\t<h1 class=\"elementor-heading-title elementor-size-default\">Vector: Your Trusted Choice for Pest Control in El Salvador.<\/h1>\t\t\t\t<\/div>\n\t\t\t\t<section class=\"elementor-section elementor-inner-section elementor-element elementor-element-603d9b78 elementor-section-boxed elementor-section-height-default elementor-section-height-default\" data-id=\"603d9b78\" data-element_type=\"section\" data-e-type=\"section\">\n\t\t\t\t\t\t<div class=\"elementor-container elementor-column-gap-no\">\n\t\t\t\t\t<div class=\"elementor-column elementor-col-100 elementor-inner-column elementor-element elementor-element-401bd3f3\" data-id=\"401bd3f3\" data-element_type=\"column\" data-e-type=\"column\">\n\t\t\t<div class=\"elementor-widget-wrap elementor-element-populated\">\n\t\t\t\t\t\t<div class=\"elementor-element elementor-element-4e785991 elementor-view-default elementor-widget elementor-widget-icon\" data-id=\"4e785991\" data-element_type=\"widget\" data-e-type=\"widget\" data-widget_type=\"icon.default\">\n\t\t\t\t\t\t\t<div class=\"elementor-icon-wrapper\">\n\t\t\t<div class=\"elementor-icon\">\n\t\t\t<i aria-hidden=\"true\" class=\"jki jki-quote-left-solid\"><\/i>\t\t\t<\/div>\n\t\t<\/div>\n\t\t\t\t\t\t<\/div>\n\t\t\t\t<div class=\"elementor-element elementor-element-35fba37c elementor-widget elementor-widget-heading\" data-id=\"35fba37c\" data-element_type=\"widget\" data-e-type=\"widget\" data-widget_type=\"heading.default\">\n\t\t\t\t\t<h2 class=\"elementor-heading-title elementor-size-default\">Our Goal<\/h2>\t\t\t\t<\/div>\n\t\t\t\t<div class=\"elementor-element elementor-element-21ac93e4 elementor-widget elementor-widget-text-editor\" data-id=\"21ac93e4\" data-element_type=\"widget\" data-e-type=\"widget\" data-widget_type=\"text-editor.default\">\n\t\t\t\t\t\t\t\t\t<p><b>Our goal is to be the leading pest control company in El Salvador, providing effective solutions to prevent, control, and eliminate any infestation. We offer professional fumigation services and Integrated Pest Management (IPM) plans to a wide range of clients, including the residential, commercial, and industrial sectors.<\/b><\/p><p><b>With every service, we guarantee complete client satisfaction by providing a pest-free environment that is safe and healthy for people and the environment.<\/b><\/p>\t\t\t\t\t\t\t\t<\/div>\n\t\t\t\t\t<\/div>\n\t\t<\/div>\n\t\t\t\t\t<\/div>\n\t\t<\/section>\n\t\t\t\t<section class=\"elementor-section elementor-inner-section elementor-element elementor-element-5b84af74 elementor-section-boxed elementor-section-height-default elementor-section-height-default\" data-id=\"5b84af74\" data-element_type=\"section\" data-e-type=\"section\">\n\t\t\t\t\t\t<div class=\"elementor-container elementor-column-gap-no\">\n\t\t\t\t\t<div class=\"elementor-column elementor-col-100 elementor-inner-column elementor-element elementor-element-9347f92\" data-id=\"9347f92\" data-element_type=\"column\" data-e-type=\"column\">\n\t\t\t<div class=\"elementor-widget-wrap\">\n\t\t\t\t\t\t\t<\/div>\n\t\t<\/div>\n\t\t\t\t\t<\/div>\n\t\t<\/section>\n\t\t\t\t\t<\/div>\n\t\t<\/div>\n\t\t\t\t\t<\/div>\n\t\t<\/section>\n\t\t\t\t<section class=\"elementor-section elementor-top-section elementor-element elementor-element-741dd8b elementor-section-boxed elementor-section-height-default elementor-section-height-default\" data-id=\"741dd8b\" data-element_type=\"section\" data-e-type=\"section\" data-settings=\"{&quot;background_background&quot;:&quot;classic&quot;}\">\n\t\t\t\t\t\t\t<div class=\"elementor-background-overlay\"><\/div>\n\t\t\t\t\t\t\t<div class=\"elementor-container elementor-column-gap-no\">\n\t\t\t\t\t<div class=\"elementor-column elementor-col-50 elementor-top-column elementor-element elementor-element-7e00f2d3\" data-id=\"7e00f2d3\" data-element_type=\"column\" data-e-type=\"column\">\n\t\t\t<div class=\"elementor-widget-wrap elementor-element-populated\">\n\t\t\t\t\t\t<div class=\"elementor-element elementor-element-2242c56a elementor-widget elementor-widget-heading\" data-id=\"2242c56a\" data-element_type=\"widget\" data-e-type=\"widget\" data-widget_type=\"heading.default\">\n\t\t\t\t\t<h2 class=\"elementor-heading-title elementor-size-default\">Our Mission<\/h2>\t\t\t\t<\/div>\n\t\t\t\t<div class=\"elementor-element elementor-element-5b9db13d elementor-widget elementor-widget-text-editor\" data-id=\"5b9db13d\" data-element_type=\"widget\" data-e-type=\"widget\" data-widget_type=\"text-editor.default\">\n\t\t\t\t\t\t\t\t\t<p>To provide effective pest control solutions through the use of innovative technology and a highly-skilled team, all delivered with the integrity and quality that define us.<\/p>\t\t\t\t\t\t\t\t<\/div>\n\t\t\t\t<div class=\"elementor-element elementor-element-2ae9c9b2 elementor-align-left elementor-widget elementor-widget-button\" data-id=\"2ae9c9b2\" data-element_type=\"widget\" data-e-type=\"widget\" data-widget_type=\"button.default\">\n\t\t\t\t\t\t\t\t\t\t<a class=\"elementor-button elementor-button-link elementor-size-sm\" href=\"#\">\n\t\t\t\t\t\t<span class=\"elementor-button-content-wrapper\">\n\t\t\t\t\t\t\t\t\t<span class=\"elementor-button-text\">Contact Us<\/span>\n\t\t\t\t\t<\/span>\n\t\t\t\t\t<\/a>\n\t\t\t\t\t\t\t\t<\/div>\n\t\t\t\t\t<\/div>\n\t\t<\/div>\n\t\t\t\t<div class=\"elementor-column elementor-col-50 elementor-top-column elementor-element elementor-element-414a41b\" data-id=\"414a41b\" data-element_type=\"column\" data-e-type=\"column\">\n\t\t\t<div class=\"elementor-widget-wrap elementor-element-populated\">\n\t\t\t\t\t\t<div class=\"elementor-element elementor-element-d8caddd elementor-widget elementor-widget-heading\" data-id=\"d8caddd\" data-element_type=\"widget\" data-e-type=\"widget\" data-widget_type=\"heading.default\">\n\t\t\t\t\t<h2 class=\"elementor-heading-title elementor-size-default\">Our Vision<\/h2>\t\t\t\t<\/div>\n\t\t\t\t<div class=\"elementor-element elementor-element-b68b6d9 elementor-widget elementor-widget-text-editor\" data-id=\"b68b6d9\" data-element_type=\"widget\" data-e-type=\"widget\" data-widget_type=\"text-editor.default\">\n\t\t\t\t\t\t\t\t\t<p>To be recognized as the leader in pest control in El Salvador by providing services of exceptional value that consistently exceed our clients' expectations.<\/p>\t\t\t\t\t\t\t\t<\/div>\n\t\t\t\t\t<\/div>\n\t\t<\/div>\n\t\t\t\t\t<\/div>\n\t\t<\/section>\n\t\t\t\t<section class=\"elementor-section elementor-top-section elementor-element elementor-element-7408c82 elementor-reverse-tablet elementor-reverse-mobile elementor-section-boxed elementor-section-height-default elementor-section-height-default\" data-id=\"7408c82\" data-element_type=\"section\" data-e-type=\"section\" id=\"RESPONSABILIDAD\">\n\t\t\t\t\t\t<div class=\"elementor-container elementor-column-gap-no\">\n\t\t\t\t\t<div class=\"elementor-column elementor-col-100 elementor-top-column elementor-element elementor-element-06a861c\" data-id=\"06a861c\" data-element_type=\"column\" data-e-type=\"column\">\n\t\t\t<div class=\"elementor-widget-wrap elementor-element-populated\">\n\t\t\t\t<div class=\"elementor-element elementor-element-fd37e60 e-flex e-con-boxed e-con e-parent\" data-id=\"fd37e60\" data-element_type=\"container\" data-e-type=\"container\">\n\t\t\t\t\t<div class=\"e-con-inner\">\n\t\t\t\t<div class=\"elementor-element elementor-element-6a2dff6 elementor-widget elementor-widget-heading\" data-id=\"6a2dff6\" data-element_type=\"widget\" data-e-type=\"widget\" data-widget_type=\"heading.default\">\n\t\t\t\t\t<h2 class=\"elementor-heading-title elementor-size-default\">Corporate Social Responsibility<\/h2>\t\t\t\t<\/div>\n\t\t\t\t\t<\/div>\n\t\t\t\t<\/div>\n\t\t<div class=\"elementor-element elementor-element-47c233c e-flex e-con-boxed e-con e-parent\" data-id=\"47c233c\" data-element_type=\"container\" data-e-type=\"container\">\n\t\t\t\t\t<div class=\"e-con-inner\">\n\t\t<div class=\"elementor-element elementor-element-136fbc4 e-con-full e-flex e-con e-child\" data-id=\"136fbc4\" data-element_type=\"container\" data-e-type=\"container\">\n\t\t\t\t<div class=\"elementor-element elementor-element-da2ded1 elementor-widget elementor-widget-text-editor\" data-id=\"da2ded1\" data-element_type=\"widget\" data-e-type=\"widget\" data-widget_type=\"text-editor.default\">\n\t\t\t\t\t\t\t\t\t<p>Vector cree que la responsabilidad social es un pilar fundamental de nuestro quehacer diario. No solo trabajamos para brindar soluciones efectivas de control de plagas, sino tambi\u00e9n para contribuir al bienestar de las comunidades.<\/p><p>Conscientes de la importancia de generar un impacto positivo m\u00e1s all\u00e1 de lo econ\u00f3mico, apoyamos activamente a Instituciones ben\u00e9ficas, ofreciendo nuestros servicios de fumigaci\u00f3n y control de plagas en condiciones especiales o de manera gratuita.<br \/>Nuestro prop\u00f3sito es crear espacios seguros, saludables y libres de plagas para las personas que m\u00e1s lo necesitan, especialmente aquellos grupos vulnerables que requieren atenci\u00f3n prioritaria. Sabemos que un entorno higi\u00e9nico y protegido es fundamental para la salud y la calidad de vida, y por ello asumimos este compromiso con convicci\u00f3n y responsabilidad.<\/p><p>De esta manera, reafirmamos nuestra visi\u00f3n de empresa: ser un aliado no solo para nuestros clientes, sino tambi\u00e9n para la sociedad, contribuyendo al desarrollo sostenible y al bienestar colectivo.<\/p>\t\t\t\t\t\t\t\t<\/div>\n\t\t\t\t<\/div>\n\t\t<div class=\"elementor-element elementor-element-15e439b e-con-full e-flex e-con e-child\" data-id=\"15e439b\" data-element_type=\"container\" data-e-type=\"container\">\n\t\t\t\t<div class=\"elementor-element elementor-element-1767a1b elementor-widget elementor-widget-image\" data-id=\"1767a1b\" data-element_type=\"widget\" data-e-type=\"widget\" data-widget_type=\"image.default\">\n\t\t\t\t\t\t\t\t\t\t\t\t\t\t\t<img decoding=\"async\" src=\"https:\/\/vector.com.sv\/wp-content\/uploads\/elementor\/thumbs\/fumigando-rdjst1stfgho6g222q7iudbexmfplank3pfbw4paqc.webp\" title=\"fumigando\" alt=\"fumigando\" loading=\"lazy\" \/>\t\t\t\t\t\t\t\t\t\t\t\t\t\t\t<\/div>\n\t\t\t\t<\/div>\n\t\t\t\t\t<\/div>\n\t\t\t\t<\/div>\n\t\t<div class=\"elementor-element elementor-element-be486b3 e-flex e-con-boxed e-con e-parent\" data-id=\"be486b3\" data-element_type=\"container\" data-e-type=\"container\">\n\t\t\t\t\t<div class=\"e-con-inner\">\n\t\t\t\t<div class=\"elementor-element elementor-element-9fb03c0 elementor-widget elementor-widget-heading\" data-id=\"9fb03c0\" data-element_type=\"widget\" data-e-type=\"widget\" data-widget_type=\"heading.default\">\n\t\t\t\t\t<h2 class=\"elementor-heading-title elementor-size-default\">Where Our Commitment Comes to Life<\/h2>\t\t\t\t<\/div>\n\t\t<div class=\"elementor-element elementor-element-d27851e e-grid e-con-full e-con e-child\" data-id=\"d27851e\" data-element_type=\"container\" data-e-type=\"container\">\n\t\t\t\t<div class=\"elementor-element elementor-element-a60b37d elementor-widget elementor-widget-image\" data-id=\"a60b37d\" data-element_type=\"widget\" data-e-type=\"widget\" data-widget_type=\"image.default\">\n\t\t\t\t\t\t\t\t\t\t\t\t\t\t\t<img decoding=\"async\" width=\"800\" height=\"320\" src=\"https:\/\/vector.com.sv\/wp-content\/uploads\/2025\/10\/Amando-1024x410.webp\" class=\"attachment-large size-large wp-image-974\" alt=\"\" srcset=\"https:\/\/vector.com.sv\/wp-content\/uploads\/2025\/10\/Amando-1024x410.webp 1024w, https:\/\/vector.com.sv\/wp-content\/uploads\/2025\/10\/Amando-300x120.webp 300w, https:\/\/vector.com.sv\/wp-content\/uploads\/2025\/10\/Amando-768x307.webp 768w, https:\/\/vector.com.sv\/wp-content\/uploads\/2025\/10\/Amando-18x7.webp 18w, https:\/\/vector.com.sv\/wp-content\/uploads\/2025\/10\/Amando.webp 1085w\" sizes=\"(max-width: 800px) 100vw, 800px\" \/>\t\t\t\t\t\t\t\t\t\t\t\t\t\t\t<\/div>\n\t\t\t\t<div class=\"elementor-element elementor-element-79c5981 elementor-widget elementor-widget-image\" data-id=\"79c5981\" data-element_type=\"widget\" data-e-type=\"widget\" data-widget_type=\"image.default\">\n\t\t\t\t\t\t\t\t\t\t\t\t\t\t\t<img decoding=\"async\" width=\"800\" height=\"251\" src=\"https:\/\/vector.com.sv\/wp-content\/uploads\/2025\/10\/Fusate.webp\" class=\"attachment-large size-large wp-image-975\" alt=\"\" srcset=\"https:\/\/vector.com.sv\/wp-content\/uploads\/2025\/10\/Fusate.webp 866w, https:\/\/vector.com.sv\/wp-content\/uploads\/2025\/10\/Fusate-300x94.webp 300w, https:\/\/vector.com.sv\/wp-content\/uploads\/2025\/10\/Fusate-768x241.webp 768w, https:\/\/vector.com.sv\/wp-content\/uploads\/2025\/10\/Fusate-18x6.webp 18w\" sizes=\"(max-width: 800px) 100vw, 800px\" \/>\t\t\t\t\t\t\t\t\t\t\t\t\t\t\t<\/div>\n\t\t\t\t<div class=\"elementor-element elementor-element-97e2c69 elementor-widget elementor-widget-image\" data-id=\"97e2c69\" data-element_type=\"widget\" data-e-type=\"widget\" data-widget_type=\"image.default\">\n\t\t\t\t\t\t\t\t\t\t\t\t\t\t\t<img loading=\"lazy\" decoding=\"async\" width=\"800\" height=\"242\" src=\"https:\/\/vector.com.sv\/wp-content\/uploads\/2025\/10\/Teleton.webp\" class=\"attachment-large size-large wp-image-976\" alt=\"\" srcset=\"https:\/\/vector.com.sv\/wp-content\/uploads\/2025\/10\/Teleton.webp 1000w, https:\/\/vector.com.sv\/wp-content\/uploads\/2025\/10\/Teleton-300x91.webp 300w, https:\/\/vector.com.sv\/wp-content\/uploads\/2025\/10\/Teleton-768x233.webp 768w, https:\/\/vector.com.sv\/wp-content\/uploads\/2025\/10\/Teleton-18x5.webp 18w\" sizes=\"(max-width: 800px) 100vw, 800px\" \/>\t\t\t\t\t\t\t\t\t\t\t\t\t\t\t<\/div>\n\t\t\t\t<\/div>\n\t\t\t\t\t<\/div>\n\t\t\t\t<\/div>\n\t\t<div class=\"elementor-element elementor-element-df50ccf e-flex e-con-boxed e-con e-parent\" data-id=\"df50ccf\" data-element_type=\"container\" data-e-type=\"container\">\n\t\t\t\t\t<div class=\"e-con-inner\">\n\t\t\t\t<div class=\"elementor-element elementor-element-fccff7e elementor-widget elementor-widget-heading\" data-id=\"fccff7e\" data-element_type=\"widget\" data-e-type=\"widget\" data-widget_type=\"heading.default\">\n\t\t\t\t\t<h2 class=\"elementor-heading-title elementor-size-default\">Socios de:<\/h2>\t\t\t\t<\/div>\n\t\t<div class=\"elementor-element elementor-element-ced68fd e-grid e-con-full e-con e-child\" data-id=\"ced68fd\" data-element_type=\"container\" data-e-type=\"container\">\n\t\t\t\t<div class=\"elementor-element elementor-element-c77a73e elementor-widget elementor-widget-image\" data-id=\"c77a73e\" data-element_type=\"widget\" data-e-type=\"widget\" data-widget_type=\"image.default\">\n\t\t\t\t\t\t\t\t\t\t\t\t\t\t\t<img loading=\"lazy\" decoding=\"async\" width=\"600\" height=\"400\" src=\"https:\/\/vector.com.sv\/wp-content\/uploads\/2025\/10\/npma.webp\" class=\"attachment-large size-large wp-image-977\" alt=\"\" srcset=\"https:\/\/vector.com.sv\/wp-content\/uploads\/2025\/10\/npma.webp 600w, https:\/\/vector.com.sv\/wp-content\/uploads\/2025\/10\/npma-300x200.webp 300w, https:\/\/vector.com.sv\/wp-content\/uploads\/2025\/10\/npma-18x12.webp 18w\" sizes=\"(max-width: 600px) 100vw, 600px\" \/>\t\t\t\t\t\t\t\t\t\t\t\t\t\t\t<\/div>\n\t\t\t\t<div class=\"elementor-element elementor-element-c4ba19a elementor-widget elementor-widget-image\" data-id=\"c4ba19a\" data-element_type=\"widget\" data-e-type=\"widget\" data-widget_type=\"image.default\">\n\t\t\t\t\t\t\t\t\t\t\t\t\t\t\t<img loading=\"lazy\" decoding=\"async\" width=\"293\" height=\"144\" src=\"https:\/\/vector.com.sv\/wp-content\/uploads\/2025\/10\/cmara_de_comercio_e_industria_de_el_salvador_cover.jpg\" class=\"attachment-large size-large wp-image-1388\" alt=\"\" srcset=\"https:\/\/vector.com.sv\/wp-content\/uploads\/2025\/10\/cmara_de_comercio_e_industria_de_el_salvador_cover.jpg 293w, https:\/\/vector.com.sv\/wp-content\/uploads\/2025\/10\/cmara_de_comercio_e_industria_de_el_salvador_cover-18x9.jpg 18w\" sizes=\"(max-width: 293px) 100vw, 293px\" \/>\t\t\t\t\t\t\t\t\t\t\t\t\t\t\t<\/div>\n\t\t\t\t<\/div>\n\t\t\t\t\t<\/div>\n\t\t\t\t<\/div>\n\t\t\t\t\t<\/div>\n\t\t<\/div>\n\t\t\t\t\t<\/div>\n\t\t<\/section>\n\t\t\t\t<section class=\"elementor-section elementor-top-section elementor-element elementor-element-11a01fe elementor-section-boxed elementor-section-height-default elementor-section-height-default\" data-id=\"11a01fe\" data-element_type=\"section\" data-e-type=\"section\" data-settings=\"{&quot;background_background&quot;:&quot;classic&quot;}\">\n\t\t\t\t\t\t\t<div class=\"elementor-background-overlay\"><\/div>\n\t\t\t\t\t\t\t<div class=\"elementor-container elementor-column-gap-no\">\n\t\t\t\t\t<div class=\"elementor-column elementor-col-100 elementor-top-column elementor-element elementor-element-0be8aae\" data-id=\"0be8aae\" data-element_type=\"column\" data-e-type=\"column\">\n\t\t\t<div class=\"elementor-widget-wrap elementor-element-populated\">\n\t\t\t\t\t\t<div class=\"elementor-element elementor-element-a82df36 elementor-widget elementor-widget-heading\" data-id=\"a82df36\" data-element_type=\"widget\" data-e-type=\"widget\" data-widget_type=\"heading.default\">\n\t\t\t\t\t<h2 class=\"elementor-heading-title elementor-size-default\">Call Us Today<\/h2>\t\t\t\t<\/div>\n\t\t\t\t<div class=\"elementor-element elementor-element-27af070 elementor-widget elementor-widget-heading\" data-id=\"27af070\" data-element_type=\"widget\" data-e-type=\"widget\" data-widget_type=\"heading.default\">\n\t\t\t\t\t<h2 class=\"elementor-heading-title elementor-size-default\">(+503) 2401-1401<\/h2>\t\t\t\t<\/div>\n\t\t\t\t<div class=\"elementor-element elementor-element-bd617e6 elementor-widget__width-initial elementor-widget elementor-widget-text-editor\" data-id=\"bd617e6\" data-element_type=\"widget\" data-e-type=\"widget\" data-widget_type=\"text-editor.default\">\n\t\t\t\t\t\t\t\t\t<p class=\"translation-block\"><span class=\"ng-star-inserted\">We are here to <\/span><b class=\"ng-star-inserted\">prevent, control, and eliminate<\/b><span class=\"ng-star-inserted\"> pests in your home, office, or industrial facility<\/span><span class=\"ng-star-inserted\">. Contact our professional team for a <\/span><b class=\"ng-star-inserted\">free inspection<\/b><span class=\"ng-star-inserted\"> and an instant quote.<\/span><\/p>\t\t\t\t\t\t\t\t<\/div>\n\t\t\t\t<div class=\"elementor-element elementor-element-8400103 elementor-align-center elementor-widget elementor-widget-button\" data-id=\"8400103\" data-element_type=\"widget\" data-e-type=\"widget\" data-widget_type=\"button.default\">\n\t\t\t\t\t\t\t\t\t\t<a class=\"elementor-button elementor-button-link elementor-size-sm\" href=\"\/en\/contactos\/\" id=\"Contactos1\">\n\t\t\t\t\t\t<span class=\"elementor-button-content-wrapper\">\n\t\t\t\t\t\t\t\t\t<span class=\"elementor-button-text\">Contact Us<\/span>\n\t\t\t\t\t<\/span>\n\t\t\t\t\t<\/a>\n\t\t\t\t\t\t\t\t<\/div>\n\t\t\t\t\t<\/div>\n\t\t<\/div>\n\t\t\t\t\t<\/div>\n\t\t<\/section>\n\t\t\t\t<\/div>","protected":false},"excerpt":{"rendered":"<p>Acerca de VECTOR INICIO \/ Acerca de VECTOR Vector: Tu empresa de confianza para el control de plagas en El Salvador Objetivo Nuestro objetivo es ser la empresa l\u00edder en el control de plagas en El Salvador, ofreciendo soluciones efectivas para prevenir, controlar y eliminar cualquier infestaci\u00f3n. Brindamos servicios profesionales de fumigaci\u00f3n y planes de [&hellip;]<\/p>","protected":false},"author":1,"featured_media":477,"parent":0,"menu_order":0,"comment_status":"closed","ping_status":"closed","template":"","meta":{"_acf_changed":false,"footnotes":""},"class_list":["post-312","page","type-page","status-publish","has-post-thumbnail","hentry"],"acf":[],"_hostinger_reach_plugin_has_subscription_block":false,"_hostinger_reach_plugin_is_elementor":false,"_links":{"self":[{"href":"https:\/\/vector.com.sv\/en\/wp-json\/wp\/v2\/pages\/312","targetHints":{"allow":["GET"]}}],"collection":[{"href":"https:\/\/vector.com.sv\/en\/wp-json\/wp\/v2\/pages"}],"about":[{"href":"https:\/\/vector.com.sv\/en\/wp-json\/wp\/v2\/types\/page"}],"author":[{"embeddable":true,"href":"https:\/\/vector.com.sv\/en\/wp-json\/wp\/v2\/users\/1"}],"replies":[{"embeddable":true,"href":"https:\/\/vector.com.sv\/en\/wp-json\/wp\/v2\/comments?post=312"}],"version-history":[{"count":73,"href":"https:\/\/vector.com.sv\/en\/wp-json\/wp\/v2\/pages\/312\/revisions"}],"predecessor-version":[{"id":1391,"href":"https:\/\/vector.com.sv\/en\/wp-json\/wp\/v2\/pages\/312\/revisions\/1391"}],"wp:featuredmedia":[{"embeddable":true,"href":"https:\/\/vector.com.sv\/en\/wp-json\/wp\/v2\/media\/477"}],"wp:attachment":[{"href":"https:\/\/vector.com.sv\/en\/wp-json\/wp\/v2\/media?parent=312"}],"curies":[{"name":"wp","href":"https:\/\/api.w.org\/{rel}","templated":true}]}}