{"id":731,"date":"2025-10-16T17:26:57","date_gmt":"2025-10-16T17:26:57","guid":{"rendered":"https:\/\/vector.com.sv\/?page_id=731"},"modified":"2025-10-16T17:29:29","modified_gmt":"2025-10-16T17:29:29","slug":"404-2","status":"publish","type":"page","link":"https:\/\/vector.com.sv\/en\/404-2\/","title":{"rendered":"404"},"content":{"rendered":"<style>.elementor-731 .elementor-element.elementor-element-55910b1e:not(.elementor-motion-effects-element-type-background), .elementor-731 .elementor-element.elementor-element-55910b1e > .elementor-motion-effects-container > .elementor-motion-effects-layer{background-image:url(\"https:\/\/vector.com.sv\/wp-content\/uploads\/2025\/10\/person-in-virus-protective-suit-stops-the-coronavirus-spread.jpg\");background-position:center center;background-repeat:no-repeat;background-size:cover;}.elementor-731 .elementor-element.elementor-element-55910b1e > .elementor-background-overlay{background-color:#000000;opacity:0.74;transition:background 0.3s, border-radius 0.3s, opacity 0.3s;}.elementor-731 .elementor-element.elementor-element-55910b1e{transition:background 0.3s, border 0.3s, border-radius 0.3s, box-shadow 0.3s;padding:280px 0px 280px 0px;}.elementor-bc-flex-widget .elementor-731 .elementor-element.elementor-element-4a32bc3a.elementor-column .elementor-widget-wrap{align-items:center;}.elementor-731 .elementor-element.elementor-element-4a32bc3a.elementor-column.elementor-element[data-element_type=\"column\"] > .elementor-widget-wrap.elementor-element-populated{align-content:center;align-items:center;}.elementor-731 .elementor-element.elementor-element-4a32bc3a > .elementor-element-populated{margin:0px 20px 0px 0px;--e-column-margin-right:20px;--e-column-margin-left:0px;}.elementor-731 .elementor-element.elementor-element-a98cf6b{text-align:end;margin:-30px 0px calc(var(--kit-widget-spacing, 0px) + -28px) 0px;}.elementor-731 .elementor-element.elementor-element-a98cf6b .elementor-heading-title{font-family:var( --e-global-typography-ca5d593-font-family ), Sans-serif;font-size:var( --e-global-typography-ca5d593-font-size );font-weight:var( --e-global-typography-ca5d593-font-weight );line-height:var( --e-global-typography-ca5d593-line-height );letter-spacing:var( --e-global-typography-ca5d593-letter-spacing );word-spacing:var( --e-global-typography-ca5d593-word-spacing );color:#FFFFFF;}.elementor-731 .elementor-element.elementor-element-1cc3bc90 > .elementor-element-populated{border-style:solid;border-width:0px 0px 0px 2px;border-color:#FFFFFF;margin:0px 0px 0px 0px;--e-column-margin-right:0px;--e-column-margin-left:0px;padding:0px 100px 0px 30px;}.elementor-731 .elementor-element.elementor-element-68e30bee .elementor-heading-title{font-family:var( --e-global-typography-a1aba1a-font-family ), Sans-serif;font-size:var( --e-global-typography-a1aba1a-font-size );font-weight:var( --e-global-typography-a1aba1a-font-weight );line-height:var( --e-global-typography-a1aba1a-line-height );letter-spacing:var( --e-global-typography-a1aba1a-letter-spacing );word-spacing:var( --e-global-typography-a1aba1a-word-spacing );color:#FFFFFF;}.elementor-731 .elementor-element.elementor-element-2577e772{font-family:var( --e-global-typography-text-font-family ), Sans-serif;font-size:var( --e-global-typography-text-font-size );font-weight:var( --e-global-typography-text-font-weight );color:#FFFFFF;}.elementor-731 .elementor-element.elementor-element-2a49577c .elementor-button{font-family:var( --e-global-typography-cfb62fa-font-family ), Sans-serif;font-size:var( --e-global-typography-cfb62fa-font-size );font-weight:var( --e-global-typography-cfb62fa-font-weight );text-transform:var( --e-global-typography-cfb62fa-text-transform );line-height:var( --e-global-typography-cfb62fa-line-height );letter-spacing:var( --e-global-typography-cfb62fa-letter-spacing );word-spacing:var( --e-global-typography-cfb62fa-word-spacing );background-color:var( --e-global-color-ac88025 );border-radius:0px 0px 0px 0px;padding:20px 34px 20px 34px;}.elementor-731 .elementor-element.elementor-element-2a49577c{margin:0px 0px calc(var(--kit-widget-spacing, 0px) + 0px) 0px;}@media(max-width:1024px){.elementor-731 .elementor-element.elementor-element-4a32bc3a > .elementor-element-populated{margin:0px 0px 0px 10px;--e-column-margin-right:0px;--e-column-margin-left:10px;}.elementor-731 .elementor-element.elementor-element-a98cf6b{text-align:center;margin:0px 0px calc(var(--kit-widget-spacing, 0px) + 0px) 0px;padding:0px 0px 0px 0px;}.elementor-731 .elementor-element.elementor-element-a98cf6b .elementor-heading-title{font-size:var( --e-global-typography-ca5d593-font-size );line-height:var( --e-global-typography-ca5d593-line-height );letter-spacing:var( --e-global-typography-ca5d593-letter-spacing );word-spacing:var( --e-global-typography-ca5d593-word-spacing );}.elementor-731 .elementor-element.elementor-element-1cc3bc90 > .elementor-element-populated{border-width:0px 0px 0px 0px;margin:30px 0px 0px 0px;--e-column-margin-right:0px;--e-column-margin-left:0px;padding:0px 20px 0px 20px;}.elementor-731 .elementor-element.elementor-element-68e30bee{text-align:center;}.elementor-731 .elementor-element.elementor-element-68e30bee .elementor-heading-title{font-size:var( --e-global-typography-a1aba1a-font-size );line-height:var( --e-global-typography-a1aba1a-line-height );letter-spacing:var( --e-global-typography-a1aba1a-letter-spacing );word-spacing:var( --e-global-typography-a1aba1a-word-spacing );}.elementor-731 .elementor-element.elementor-element-2577e772{text-align:center;font-size:var( --e-global-typography-text-font-size );}.elementor-731 .elementor-element.elementor-element-2a49577c .elementor-button{font-size:var( --e-global-typography-cfb62fa-font-size );line-height:var( --e-global-typography-cfb62fa-line-height );letter-spacing:var( --e-global-typography-cfb62fa-letter-spacing );word-spacing:var( --e-global-typography-cfb62fa-word-spacing );}}@media(max-width:767px){.elementor-731 .elementor-element.elementor-element-55910b1e{padding:140px 0px 140px 0px;}.elementor-731 .elementor-element.elementor-element-4a32bc3a > .elementor-element-populated{margin:0px 10px 0px 10px;--e-column-margin-right:10px;--e-column-margin-left:10px;padding:0px 0px 0px 0px;}.elementor-731 .elementor-element.elementor-element-a98cf6b .elementor-heading-title{font-size:var( --e-global-typography-ca5d593-font-size );line-height:var( --e-global-typography-ca5d593-line-height );letter-spacing:var( --e-global-typography-ca5d593-letter-spacing );word-spacing:var( --e-global-typography-ca5d593-word-spacing );}.elementor-731 .elementor-element.elementor-element-68e30bee .elementor-heading-title{font-size:var( --e-global-typography-a1aba1a-font-size );line-height:var( --e-global-typography-a1aba1a-line-height );letter-spacing:var( --e-global-typography-a1aba1a-letter-spacing );word-spacing:var( --e-global-typography-a1aba1a-word-spacing );}.elementor-731 .elementor-element.elementor-element-2577e772{font-size:var( --e-global-typography-text-font-size );}.elementor-731 .elementor-element.elementor-element-2a49577c .elementor-button{font-size:var( --e-global-typography-cfb62fa-font-size );line-height:var( --e-global-typography-cfb62fa-line-height );letter-spacing:var( --e-global-typography-cfb62fa-letter-spacing );word-spacing:var( --e-global-typography-cfb62fa-word-spacing );}}@media(max-width:1024px) and (min-width:768px){.elementor-731 .elementor-element.elementor-element-4a32bc3a{width:100%;}.elementor-731 .elementor-element.elementor-element-1cc3bc90{width:100%;}}<\/style>\t\t<div data-elementor-type=\"wp-page\" data-elementor-id=\"731\" class=\"elementor elementor-731\" data-elementor-post-type=\"page\">\n\t\t\t\t\t\t<section class=\"elementor-section elementor-top-section elementor-element elementor-element-55910b1e elementor-section-boxed elementor-section-height-default elementor-section-height-default\" data-id=\"55910b1e\" data-element_type=\"section\" data-e-type=\"section\" data-settings=\"{&quot;background_background&quot;:&quot;classic&quot;}\">\n\t\t\t\t\t\t\t<div class=\"elementor-background-overlay\"><\/div>\n\t\t\t\t\t\t\t<div class=\"elementor-container elementor-column-gap-no\">\n\t\t\t\t\t<div class=\"elementor-column elementor-col-50 elementor-top-column elementor-element elementor-element-4a32bc3a\" data-id=\"4a32bc3a\" data-element_type=\"column\" data-e-type=\"column\">\n\t\t\t<div class=\"elementor-widget-wrap elementor-element-populated\">\n\t\t\t\t\t\t<div class=\"elementor-element elementor-element-a98cf6b elementor-widget elementor-widget-heading\" data-id=\"a98cf6b\" data-element_type=\"widget\" data-e-type=\"widget\" data-widget_type=\"heading.default\">\n\t\t\t\t\t<h2 class=\"elementor-heading-title elementor-size-default\">404<\/h2>\t\t\t\t<\/div>\n\t\t\t\t\t<\/div>\n\t\t<\/div>\n\t\t\t\t<div class=\"elementor-column elementor-col-50 elementor-top-column elementor-element elementor-element-1cc3bc90\" data-id=\"1cc3bc90\" data-element_type=\"column\" data-e-type=\"column\">\n\t\t\t<div class=\"elementor-widget-wrap elementor-element-populated\">\n\t\t\t\t\t\t<div class=\"elementor-element elementor-element-68e30bee elementor-widget elementor-widget-heading\" data-id=\"68e30bee\" data-element_type=\"widget\" data-e-type=\"widget\" data-widget_type=\"heading.default\">\n\t\t\t\t\t<h2 class=\"elementor-heading-title elementor-size-default\">Pagina no encontrada<\/h2>\t\t\t\t<\/div>\n\t\t\t\t<div class=\"elementor-element elementor-element-2577e772 elementor-widget elementor-widget-text-editor\" data-id=\"2577e772\" data-element_type=\"widget\" data-e-type=\"widget\" data-widget_type=\"text-editor.default\">\n\t\t\t\t\t\t\t\t\t<p><b>\u00a1Vaya! Parece que esta p\u00e1gina se ha escondido.<\/b><\/p><p>Sentimos el inconveniente, pero la p\u00e1gina que buscas ya no existe o se ha movido. No te preocupes, hay soluci\u00f3n.<\/p>\t\t\t\t\t\t\t\t<\/div>\n\t\t\t\t<div class=\"elementor-element elementor-element-2a49577c elementor-tablet-align-center elementor-widget elementor-widget-button\" data-id=\"2a49577c\" data-element_type=\"widget\" data-e-type=\"widget\" data-widget_type=\"button.default\">\n\t\t\t\t\t\t\t\t\t\t<a class=\"elementor-button elementor-button-link elementor-size-sm\" href=\"\/en\/\">\n\t\t\t\t\t\t<span class=\"elementor-button-content-wrapper\">\n\t\t\t\t\t\t\t\t\t<span class=\"elementor-button-text\">Inicio<\/span>\n\t\t\t\t\t<\/span>\n\t\t\t\t\t<\/a>\n\t\t\t\t\t\t\t\t<\/div>\n\t\t\t\t\t<\/div>\n\t\t<\/div>\n\t\t\t\t\t<\/div>\n\t\t<\/section>\n\t\t\t\t<\/div>","protected":false},"excerpt":{"rendered":"<p>404 Pagina no encontrada \u00a1Vaya! Parece que esta p\u00e1gina se ha escondido. Sentimos el inconveniente, pero la p\u00e1gina que buscas ya no existe o se ha movido. No te preocupes, hay soluci\u00f3n. Inicio<\/p>","protected":false},"author":1,"featured_media":0,"parent":0,"menu_order":0,"comment_status":"closed","ping_status":"closed","template":"","meta":{"_acf_changed":false,"footnotes":""},"class_list":["post-731","page","type-page","status-publish","hentry"],"acf":[],"_hostinger_reach_plugin_has_subscription_block":false,"_hostinger_reach_plugin_is_elementor":false,"_links":{"self":[{"href":"https:\/\/vector.com.sv\/en\/wp-json\/wp\/v2\/pages\/731","targetHints":{"allow":["GET"]}}],"collection":[{"href":"https:\/\/vector.com.sv\/en\/wp-json\/wp\/v2\/pages"}],"about":[{"href":"https:\/\/vector.com.sv\/en\/wp-json\/wp\/v2\/types\/page"}],"author":[{"embeddable":true,"href":"https:\/\/vector.com.sv\/en\/wp-json\/wp\/v2\/users\/1"}],"replies":[{"embeddable":true,"href":"https:\/\/vector.com.sv\/en\/wp-json\/wp\/v2\/comments?post=731"}],"version-history":[{"count":4,"href":"https:\/\/vector.com.sv\/en\/wp-json\/wp\/v2\/pages\/731\/revisions"}],"predecessor-version":[{"id":738,"href":"https:\/\/vector.com.sv\/en\/wp-json\/wp\/v2\/pages\/731\/revisions\/738"}],"wp:attachment":[{"href":"https:\/\/vector.com.sv\/en\/wp-json\/wp\/v2\/media?parent=731"}],"curies":[{"name":"wp","href":"https:\/\/api.w.org\/{rel}","templated":true}]}}